{"id":64,"date":"2020-11-04T11:59:27","date_gmt":"2020-11-04T11:59:27","guid":{"rendered":"https:\/\/mylemonrights.com\/?page_id=64"},"modified":"2024-04-03T20:00:04","modified_gmt":"2024-04-03T20:00:04","slug":"politica-de-privacidad","status":"publish","type":"page","link":"https:\/\/mylemonrights.com\/es\/abogado-de-la-ley-del-limon-de-los-angeles\/politica-de-privacidad\/","title":{"rendered":"Pol\u00edtica de Privacidad"},"content":{"rendered":"<p><a href=\"https:\/\/mylemonrights.com\/es\/\"><strong>Haga clic aqu\u00ed para volver a la p\u00e1gina principal<\/strong><\/a><\/p>\n<h2>MyLemonRights \u2013 Pol\u00edtica de privacidad<\/h2>\n<p>Esta pol\u00edtica de privacidad se aplica a la informaci\u00f3n recopilada en l\u00ednea de los usuarios de este sitio web. En esta pol\u00edtica, puede conocer qu\u00e9 tipo de informaci\u00f3n recopilamos, cu\u00e1ndo y c\u00f3mo podr\u00edamos usar esa informaci\u00f3n, c\u00f3mo protegemos la informaci\u00f3n y las opciones que tiene con respecto a su informaci\u00f3n personal.<\/p>\n<h3>\u00bfQu\u00e9 informaci\u00f3n personal se recopila a trav\u00e9s de este sitio web y c\u00f3mo se utiliza?<\/h3>\n<p>Recopilamos informaci\u00f3n sobre nuestros usuarios de tres maneras: directamente del usuario, desde los registros de nuestro servidor web y a trav\u00e9s de cookies. Utilizamos la informaci\u00f3n principalmente para brindarle una experiencia de Internet personalizada que le brinde la informaci\u00f3n, los recursos y los servicios que sean m\u00e1s relevantes y \u00fatiles para usted. No compartimos ninguna de la informaci\u00f3n que usted proporciona con otros, a menos que lo indiquemos en esta Pol\u00edtica de privacidad, o cuando creamos de buena fe que la ley lo requiere.<\/p>\n<p><strong>Informaci\u00f3n proporcionada por el usuario:<\/strong>\u00a0si completa el formulario de contacto en este sitio web, le pediremos que proporcione cierta informaci\u00f3n personal (como direcci\u00f3n de correo electr\u00f3nico, nombre, n\u00famero de tel\u00e9fono y estado). Solo requerimos que proporcione una direcci\u00f3n de correo electr\u00f3nico en el formulario de contacto. Adem\u00e1s, si el chat est\u00e1 disponible a trav\u00e9s de este sitio, es posible que se le solicite que proporcione informaci\u00f3n si participa en un chat en l\u00ednea. No env\u00ede ninguna informaci\u00f3n de identificaci\u00f3n personal confidencial, privada o confidencial (por ejemplo, n\u00famero de Seguro Social; fecha de nacimiento; n\u00famero de licencia de conducir; o tarjeta de cr\u00e9dito, cuenta bancaria u otra informaci\u00f3n financiera) (colectivamente, \u201cInformaci\u00f3n confidencial\u201d). Si env\u00eda informaci\u00f3n confidencial, lo hace bajo su propio riesgo y no seremos responsables ante usted ni responsables de las consecuencias de su env\u00edo.<\/p>\n<p>La informaci\u00f3n que nos proporcione a trav\u00e9s del formulario de contacto o un chat en l\u00ednea se utilizar\u00e1 para que podamos responder a su consulta. Tambi\u00e9n podemos utilizar la informaci\u00f3n que nos proporciona para comunicarnos con usted en el futuro. Si no desea recibir dichas comunicaciones, puede optar por no participar (darse de baja) como se describe a continuaci\u00f3n.<\/p>\n<p><strong>Registros del servidor web:<\/strong>\u00a0cuando visita nuestro sitio web, podemos rastrear informaci\u00f3n sobre su visita y almacenar esa informaci\u00f3n en los registros del servidor web, que son registros de las actividades en nuestros sitios. Los servidores capturan y guardan autom\u00e1ticamente la informaci\u00f3n electr\u00f3nicamente. Los ejemplos de la informaci\u00f3n que podemos recopilar incluyen:<\/p>\n<ul>\n<li>Su direcci\u00f3n \u00fanica de protocolo de Internet;<\/li>\n<li>El nombre de su proveedor \u00fanico de servicios de Internet;<\/li>\n<li>El pueblo \/ ciudad, condado \/ estado y pa\u00eds desde el que accede a nuestro sitio web;<\/li>\n<li>El tipo de navegador o computadora que usa;<\/li>\n<li>El n\u00famero de enlaces en los que hace clic dentro del sitio;<\/li>\n<li>La fecha y hora de su visita;<\/li>\n<li>La p\u00e1gina web desde la cual lleg\u00f3 a nuestro sitio;<\/li>\n<li>Las p\u00e1ginas que vio en el sitio; y<\/li>\n<li>Ciertas b\u00fasquedas \/ consultas que realiz\u00f3 a trav\u00e9s de nuestro (s) sitio (s) web.<\/li>\n<\/ul>\n<p>La informaci\u00f3n que recopilamos en los registros del servidor web nos ayuda a administrar el sitio, analizar su uso, proteger el sitio web y su contenido del uso inapropiado y mejorar la experiencia del usuario.<\/p>\n<p><strong>Cookies:<\/strong>\u00a0para ofrecer y brindar un servicio personalizado y personal, nuestros sitios web y aplicaciones pueden usar cookies para almacenar y ayudar a rastrear informaci\u00f3n sobre usted. Las cookies son simplemente peque\u00f1os datos que se env\u00edan a su navegador desde un servidor web y se almacenan en el disco duro de su computadora. Utilizamos cookies para ayudarnos a recordar qui\u00e9n es usted y para ayudarlo a navegar por nuestros sitios durante sus visitas. Las cookies nos permiten guardar contrase\u00f1as y preferencias para que no tenga que volver a ingresarlas cada vez que visite.<\/p>\n<p>El uso de cookies es relativamente est\u00e1ndar. La mayor\u00eda de los navegadores estan inicialmente preparados para aceptar cookies. Sin embargo, si lo prefiere, puede configurar su navegador para que le notifique cuando reciba una cookie o para que se niegue a aceptarlas. Debe comprender que algunas funciones de muchos sitios pueden no funcionar correctamente si no acepta las cookies.<\/p>\n<h3>\u00bfC\u00f3mo se protege la informaci\u00f3n personal?<\/h3>\n<p>Tomamos ciertas medidas de seguridad apropiadas para ayudar a proteger su informaci\u00f3n personal de p\u00e9rdidas accidentales y del acceso, uso o divulgaci\u00f3n no autorizados. Sin embargo, no podemos garantizar que las personas no autorizadas siempre puedan vencer nuestras medidas de seguridad.<\/p>\n<h3>\u00bfQui\u00e9n tiene acceso a la informaci\u00f3n?<\/h3>\n<p>No venderemos, alquilaremos ni alquilaremos listas de correo u otros datos de usuario a terceros, y no pondremos su informaci\u00f3n personal a disposici\u00f3n de terceros no afiliados, excepto lo siguiente:<\/p>\n<p>A los agentes, proveedores de sitios web y \/ o contratistas que pueden usarlo en nuestro nombre o en relaci\u00f3n con su relaci\u00f3n con nosotros;<br \/>\nSi no podemos ayudarlo con su asunto, pero conocemos a un abogado o firma no afiliada que pueda ayudarlo, podemos derivarlo y compartir la informaci\u00f3n que nos proporcion\u00f3 con esa parte; y<\/p>\n<p>Seg\u00fan lo exija la ley, en materia de seguridad p\u00fablica o pol\u00edtica, seg\u00fan sea necesario en relaci\u00f3n con la transferencia de nuestros activos comerciales (por ejemplo, si somos adquiridos por otra empresa o si nos liquidan durante un proceso de quiebra), o si creemos de buena fe que compartir los datos es necesario para proteger nuestro rights o propiedad.<\/p>\n<h3>\u00bfC\u00f3mo puedo corregir, modificar o eliminar mi informaci\u00f3n personal y \/ o dejar de recibir comunicaciones futuras?<\/h3>\n<p>Puede optar por no recibir nuestros futuros contactos en cualquier momento. P\u00f3ngase en contacto con nosotros a trav\u00e9s del n\u00famero de tel\u00e9fono, formulario de contacto o direcci\u00f3n de correo en nuestro sitio web en cualquier momento para:<\/p>\n<ul>\n<li>Vea qu\u00e9 datos tenemos sobre usted, si los hay;<\/li>\n<li>Cambiar \/ corregir cualquier informaci\u00f3n que tengamos sobre usted;<\/li>\n<li>P\u00eddanos que eliminemos cualquier informaci\u00f3n que tengamos sobre usted; y \/ o<\/li>\n<li>Optar por futuras comunicaciones de nosotros.<\/li>\n<\/ul>\n<p>Si tiene preguntas o inquietudes adicionales sobre esta pol\u00edtica de privacidad,\u00a0<a href=\"https:\/\/mylemonrights.com\/es\/\">comun\u00edquese con nosotros a trav\u00e9s<\/a>\u00a0del n\u00famero de tel\u00e9fono, el formulario de contacto o la direcci\u00f3n de correo que figuran en este sitio web. Si nuestras pr\u00e1cticas de informaci\u00f3n cambian de manera significativa, publicaremos los cambios de pol\u00edtica aqu\u00ed.<\/p>\n<p>En vigencia a partir del 1 de septiembre de 2019<\/p>\n","protected":false},"excerpt":{"rendered":"<p>Haga clic aqu\u00ed para volver a la p\u00e1gina principal MyLemonRights \u2013 Pol\u00edtica de privacidad Esta pol\u00edtica de privacidad se aplica a la informaci\u00f3n recopilada en l\u00ednea de los usuarios de este sitio web. En esta pol\u00edtica, puede conocer qu\u00e9 tipo de informaci\u00f3n recopilamos, cu\u00e1ndo y c\u00f3mo podr\u00edamos usar esa informaci\u00f3n,&#8230;<\/p>\n","protected":false},"author":9,"featured_media":0,"parent":12874,"menu_order":1,"comment_status":"closed","ping_status":"closed","template":"","meta":{"_acf_changed":false,"footnotes":""},"class_list":["post-64","page","type-page","status-publish","hentry"],"acf":[],"yoast_head":"<!-- This site is optimized with the Yoast SEO plugin v26.8 - https:\/\/yoast.com\/product\/yoast-seo-wordpress\/ -->\n<title>Politica de Privacidad | The Barry Law Firm<\/title>\n<meta name=\"description\" content=\"Vea la pol\u00edtica de privacidad del sitio web de The Barry Law Firm.\" \/>\n<meta name=\"robots\" content=\"index, follow, max-snippet:-1, max-image-preview:large, max-video-preview:-1\" \/>\n<link rel=\"canonical\" href=\"https:\/\/mylemonrights.com\/es\/abogado-de-la-ley-del-limon-de-los-angeles\/politica-de-privacidad\/\" \/>\n<meta property=\"og:locale\" content=\"es_ES\" \/>\n<meta property=\"og:type\" content=\"article\" \/>\n<meta property=\"og:title\" content=\"Politica de Privacidad | The Barry Law Firm\" \/>\n<meta property=\"og:description\" content=\"Vea la pol\u00edtica de privacidad del sitio web de The Barry Law Firm.\" \/>\n<meta property=\"og:url\" content=\"https:\/\/mylemonrights.com\/es\/abogado-de-la-ley-del-limon-de-los-angeles\/politica-de-privacidad\/\" \/>\n<meta property=\"og:site_name\" content=\"The Barry Law Firm\" \/>\n<meta property=\"article:publisher\" content=\"https:\/\/www.facebook.com\/CaliLemonLaw\" \/>\n<meta property=\"article:modified_time\" content=\"2024-04-03T20:00:04+00:00\" \/>\n<meta property=\"og:image\" content=\"https:\/\/mylemonrights.com\/wp-content\/uploads\/2023\/07\/The-barry-law-firm-logo.png\" \/>\n\t<meta property=\"og:image:width\" content=\"335\" \/>\n\t<meta property=\"og:image:height\" content=\"108\" \/>\n\t<meta property=\"og:image:type\" content=\"image\/png\" \/>\n<meta name=\"twitter:card\" content=\"summary_large_image\" \/>\n<meta name=\"twitter:site\" content=\"@CALemonLawyer\" \/>\n<meta name=\"twitter:label1\" content=\"Tiempo de lectura\" \/>\n\t<meta name=\"twitter:data1\" content=\"5 minutos\" \/>\n<!-- \/ Yoast SEO plugin. -->","yoast_head_json":{"title":"Politica de Privacidad | The Barry Law Firm","description":"Vea la pol\u00edtica de privacidad del sitio web de The Barry Law Firm.","robots":{"index":"index","follow":"follow","max-snippet":"max-snippet:-1","max-image-preview":"max-image-preview:large","max-video-preview":"max-video-preview:-1"},"canonical":"https:\/\/mylemonrights.com\/es\/abogado-de-la-ley-del-limon-de-los-angeles\/politica-de-privacidad\/","og_locale":"es_ES","og_type":"article","og_title":"Politica de Privacidad | The Barry Law Firm","og_description":"Vea la pol\u00edtica de privacidad del sitio web de The Barry Law Firm.","og_url":"https:\/\/mylemonrights.com\/es\/abogado-de-la-ley-del-limon-de-los-angeles\/politica-de-privacidad\/","og_site_name":"The Barry Law Firm","article_publisher":"https:\/\/www.facebook.com\/CaliLemonLaw","article_modified_time":"2024-04-03T20:00:04+00:00","og_image":[{"width":335,"height":108,"url":"https:\/\/mylemonrights.com\/wp-content\/uploads\/2023\/07\/The-barry-law-firm-logo.png","type":"image\/png"}],"twitter_card":"summary_large_image","twitter_site":"@CALemonLawyer","twitter_misc":{"Tiempo de lectura":"5 minutos"},"schema":{"@context":"https:\/\/schema.org","@graph":[{"@type":"WebPage","@id":"https:\/\/mylemonrights.com\/es\/abogado-de-la-ley-del-limon-de-los-angeles\/politica-de-privacidad\/","url":"https:\/\/mylemonrights.com\/es\/abogado-de-la-ley-del-limon-de-los-angeles\/politica-de-privacidad\/","name":"Politica de Privacidad | The Barry Law Firm","isPartOf":{"@id":"https:\/\/mylemonrights.com\/#website"},"datePublished":"2020-11-04T11:59:27+00:00","dateModified":"2024-04-03T20:00:04+00:00","description":"Vea la pol\u00edtica de privacidad del sitio web de The Barry Law Firm.","breadcrumb":{"@id":"https:\/\/mylemonrights.com\/es\/abogado-de-la-ley-del-limon-de-los-angeles\/politica-de-privacidad\/#breadcrumb"},"inLanguage":"es","potentialAction":[{"@type":"ReadAction","target":["https:\/\/mylemonrights.com\/es\/abogado-de-la-ley-del-limon-de-los-angeles\/politica-de-privacidad\/"]}]},{"@type":"BreadcrumbList","@id":"https:\/\/mylemonrights.com\/es\/abogado-de-la-ley-del-limon-de-los-angeles\/politica-de-privacidad\/#breadcrumb","itemListElement":[{"@type":"ListItem","position":1,"name":"Home","item":"https:\/\/mylemonrights.com\/es\/"},{"@type":"ListItem","position":2,"name":"Abogados de la Ley Lim\u00f3n de Los \u00c1ngeles","item":"https:\/\/mylemonrights.com\/es\/abogado-de-la-ley-del-limon-de-los-angeles\/"},{"@type":"ListItem","position":3,"name":"Pol\u00edtica de Privacidad"}]},{"@type":"WebSite","@id":"https:\/\/mylemonrights.com\/#website","url":"https:\/\/mylemonrights.com\/","name":"The Barry Law Firm","description":"","publisher":{"@id":"https:\/\/mylemonrights.com\/#organization"},"potentialAction":[{"@type":"SearchAction","target":{"@type":"EntryPoint","urlTemplate":"https:\/\/mylemonrights.com\/?s={search_term_string}"},"query-input":{"@type":"PropertyValueSpecification","valueRequired":true,"valueName":"search_term_string"}}],"inLanguage":"es"},{"@type":"Organization","@id":"https:\/\/mylemonrights.com\/#organization","name":"The Barry Law Firm","url":"https:\/\/mylemonrights.com\/","logo":{"@type":"ImageObject","inLanguage":"es","@id":"https:\/\/mylemonrights.com\/#\/schema\/logo\/image\/","url":"https:\/\/mylemonrights.com\/wp-content\/uploads\/2023\/07\/The-barry-law-firm-logo.png","contentUrl":"https:\/\/mylemonrights.com\/wp-content\/uploads\/2023\/07\/The-barry-law-firm-logo.png","width":335,"height":108,"caption":"The Barry Law Firm"},"image":{"@id":"https:\/\/mylemonrights.com\/#\/schema\/logo\/image\/"},"sameAs":["https:\/\/www.facebook.com\/CaliLemonLaw","https:\/\/x.com\/CALemonLawyer","https:\/\/www.youtube.com\/channel\/UCV8YayVTH4HAuLop0i11jNA","https:\/\/www.linkedin.com\/company\/the-barry-law-firm\/","https:\/\/www.instagram.com\/thebarrylawfirm\/"]}]}},"_links":{"self":[{"href":"https:\/\/mylemonrights.com\/es\/wp-json\/wp\/v2\/pages\/64","targetHints":{"allow":["GET"]}}],"collection":[{"href":"https:\/\/mylemonrights.com\/es\/wp-json\/wp\/v2\/pages"}],"about":[{"href":"https:\/\/mylemonrights.com\/es\/wp-json\/wp\/v2\/types\/page"}],"author":[{"embeddable":true,"href":"https:\/\/mylemonrights.com\/es\/wp-json\/wp\/v2\/users\/9"}],"replies":[{"embeddable":true,"href":"https:\/\/mylemonrights.com\/es\/wp-json\/wp\/v2\/comments?post=64"}],"version-history":[{"count":3,"href":"https:\/\/mylemonrights.com\/es\/wp-json\/wp\/v2\/pages\/64\/revisions"}],"predecessor-version":[{"id":8048,"href":"https:\/\/mylemonrights.com\/es\/wp-json\/wp\/v2\/pages\/64\/revisions\/8048"}],"up":[{"embeddable":true,"href":"https:\/\/mylemonrights.com\/es\/wp-json\/wp\/v2\/pages\/12874"}],"wp:attachment":[{"href":"https:\/\/mylemonrights.com\/es\/wp-json\/wp\/v2\/media?parent=64"}],"curies":[{"name":"wp","href":"https:\/\/api.w.org\/{rel}","templated":true}]}}