{"id":14644,"date":"2020-11-04T11:59:46","date_gmt":"2020-11-04T11:59:46","guid":{"rendered":"https:\/\/mylemonrights.com\/contact-us\/"},"modified":"2024-07-22T18:15:01","modified_gmt":"2024-07-22T18:15:01","slug":"contacto","status":"publish","type":"page","link":"https:\/\/mylemonrights.com\/es\/contacto\/","title":{"rendered":"CONTACTO"},"content":{"rendered":"","protected":false},"excerpt":{"rendered":"","protected":false},"author":9,"featured_media":0,"parent":0,"menu_order":22,"comment_status":"closed","ping_status":"closed","template":"contact.php","meta":{"_acf_changed":false,"footnotes":""},"class_list":["post-14644","page","type-page","status-publish","hentry"],"acf":[],"yoast_head":"<!-- This site is optimized with the Yoast SEO plugin v26.8 - https:\/\/yoast.com\/product\/yoast-seo-wordpress\/ -->\n<title>Cont\u00e1ctanos para una consulta gratuita | The Barry Law Firm<\/title>\n<meta name=\"description\" content=\"Cont\u00e1ctenos hoy para obtener ayuda con su reclamo de la ley lim\u00f3n en California. Estamos listos para ayudarlo a recuperar dinero por su veh\u00edculo defectuoso.\" \/>\n<meta name=\"robots\" content=\"index, follow, max-snippet:-1, max-image-preview:large, max-video-preview:-1\" \/>\n<link rel=\"canonical\" href=\"https:\/\/mylemonrights.com\/es\/contacto\/\" \/>\n<meta property=\"og:locale\" content=\"es_ES\" \/>\n<meta property=\"og:type\" content=\"article\" \/>\n<meta property=\"og:title\" content=\"Cont\u00e1ctanos para una consulta gratuita | The Barry Law Firm\" \/>\n<meta property=\"og:description\" content=\"Cont\u00e1ctenos hoy para obtener ayuda con su reclamo de la ley lim\u00f3n en California. Estamos listos para ayudarlo a recuperar dinero por su veh\u00edculo defectuoso.\" \/>\n<meta property=\"og:url\" content=\"https:\/\/mylemonrights.com\/es\/contacto\/\" \/>\n<meta property=\"og:site_name\" content=\"The Barry Law Firm\" \/>\n<meta property=\"article:publisher\" content=\"https:\/\/www.facebook.com\/CaliLemonLaw\" \/>\n<meta property=\"article:modified_time\" content=\"2024-07-22T18:15:01+00:00\" \/>\n<meta property=\"og:image\" content=\"https:\/\/mylemonrights.com\/wp-content\/uploads\/2023\/07\/The-barry-law-firm-logo.png\" \/>\n\t<meta property=\"og:image:width\" content=\"335\" \/>\n\t<meta property=\"og:image:height\" content=\"108\" \/>\n\t<meta property=\"og:image:type\" content=\"image\/png\" \/>\n<meta name=\"twitter:card\" content=\"summary_large_image\" \/>\n<meta name=\"twitter:site\" content=\"@CALemonLawyer\" \/>\n<!-- \/ Yoast SEO plugin. -->","yoast_head_json":{"title":"Cont\u00e1ctanos para una consulta gratuita | The Barry Law Firm","description":"Cont\u00e1ctenos hoy para obtener ayuda con su reclamo de la ley lim\u00f3n en California. Estamos listos para ayudarlo a recuperar dinero por su veh\u00edculo defectuoso.","robots":{"index":"index","follow":"follow","max-snippet":"max-snippet:-1","max-image-preview":"max-image-preview:large","max-video-preview":"max-video-preview:-1"},"canonical":"https:\/\/mylemonrights.com\/es\/contacto\/","og_locale":"es_ES","og_type":"article","og_title":"Cont\u00e1ctanos para una consulta gratuita | The Barry Law Firm","og_description":"Cont\u00e1ctenos hoy para obtener ayuda con su reclamo de la ley lim\u00f3n en California. Estamos listos para ayudarlo a recuperar dinero por su veh\u00edculo defectuoso.","og_url":"https:\/\/mylemonrights.com\/es\/contacto\/","og_site_name":"The Barry Law Firm","article_publisher":"https:\/\/www.facebook.com\/CaliLemonLaw","article_modified_time":"2024-07-22T18:15:01+00:00","og_image":[{"width":335,"height":108,"url":"https:\/\/mylemonrights.com\/wp-content\/uploads\/2023\/07\/The-barry-law-firm-logo.png","type":"image\/png"}],"twitter_card":"summary_large_image","twitter_site":"@CALemonLawyer","schema":{"@context":"https:\/\/schema.org","@graph":[{"@type":"WebPage","@id":"https:\/\/mylemonrights.com\/es\/contacto\/","url":"https:\/\/mylemonrights.com\/es\/contacto\/","name":"Cont\u00e1ctanos para una consulta gratuita | The Barry Law Firm","isPartOf":{"@id":"https:\/\/mylemonrights.com\/#website"},"datePublished":"2020-11-04T11:59:46+00:00","dateModified":"2024-07-22T18:15:01+00:00","description":"Cont\u00e1ctenos hoy para obtener ayuda con su reclamo de la ley lim\u00f3n en California. Estamos listos para ayudarlo a recuperar dinero por su veh\u00edculo defectuoso.","breadcrumb":{"@id":"https:\/\/mylemonrights.com\/es\/contacto\/#breadcrumb"},"inLanguage":"es","potentialAction":[{"@type":"ReadAction","target":["https:\/\/mylemonrights.com\/es\/contacto\/"]}]},{"@type":"BreadcrumbList","@id":"https:\/\/mylemonrights.com\/es\/contacto\/#breadcrumb","itemListElement":[{"@type":"ListItem","position":1,"name":"Home","item":"https:\/\/mylemonrights.com\/es\/"},{"@type":"ListItem","position":2,"name":"CONTACTO"}]},{"@type":"WebSite","@id":"https:\/\/mylemonrights.com\/#website","url":"https:\/\/mylemonrights.com\/","name":"The Barry Law Firm","description":"","publisher":{"@id":"https:\/\/mylemonrights.com\/#organization"},"potentialAction":[{"@type":"SearchAction","target":{"@type":"EntryPoint","urlTemplate":"https:\/\/mylemonrights.com\/?s={search_term_string}"},"query-input":{"@type":"PropertyValueSpecification","valueRequired":true,"valueName":"search_term_string"}}],"inLanguage":"es"},{"@type":"Organization","@id":"https:\/\/mylemonrights.com\/#organization","name":"The Barry Law Firm","url":"https:\/\/mylemonrights.com\/","logo":{"@type":"ImageObject","inLanguage":"es","@id":"https:\/\/mylemonrights.com\/#\/schema\/logo\/image\/","url":"https:\/\/mylemonrights.com\/wp-content\/uploads\/2023\/07\/The-barry-law-firm-logo.png","contentUrl":"https:\/\/mylemonrights.com\/wp-content\/uploads\/2023\/07\/The-barry-law-firm-logo.png","width":335,"height":108,"caption":"The Barry Law Firm"},"image":{"@id":"https:\/\/mylemonrights.com\/#\/schema\/logo\/image\/"},"sameAs":["https:\/\/www.facebook.com\/CaliLemonLaw","https:\/\/x.com\/CALemonLawyer","https:\/\/www.youtube.com\/channel\/UCV8YayVTH4HAuLop0i11jNA","https:\/\/www.linkedin.com\/company\/the-barry-law-firm\/","https:\/\/www.instagram.com\/thebarrylawfirm\/"]}]}},"_links":{"self":[{"href":"https:\/\/mylemonrights.com\/es\/wp-json\/wp\/v2\/pages\/14644","targetHints":{"allow":["GET"]}}],"collection":[{"href":"https:\/\/mylemonrights.com\/es\/wp-json\/wp\/v2\/pages"}],"about":[{"href":"https:\/\/mylemonrights.com\/es\/wp-json\/wp\/v2\/types\/page"}],"author":[{"embeddable":true,"href":"https:\/\/mylemonrights.com\/es\/wp-json\/wp\/v2\/users\/9"}],"replies":[{"embeddable":true,"href":"https:\/\/mylemonrights.com\/es\/wp-json\/wp\/v2\/comments?post=14644"}],"version-history":[{"count":1,"href":"https:\/\/mylemonrights.com\/es\/wp-json\/wp\/v2\/pages\/14644\/revisions"}],"predecessor-version":[{"id":15146,"href":"https:\/\/mylemonrights.com\/es\/wp-json\/wp\/v2\/pages\/14644\/revisions\/15146"}],"wp:attachment":[{"href":"https:\/\/mylemonrights.com\/es\/wp-json\/wp\/v2\/media?parent=14644"}],"curies":[{"name":"wp","href":"https:\/\/api.w.org\/{rel}","templated":true}]}}