{"id":12874,"date":"2020-11-04T12:00:45","date_gmt":"2020-11-04T12:00:45","guid":{"rendered":"https:\/\/mylemonrights.com\/?page_id=12874"},"modified":"2024-05-23T16:59:59","modified_gmt":"2024-05-23T16:59:59","slug":"abogado-de-la-ley-del-limon-de-los-angeles","status":"publish","type":"page","link":"https:\/\/mylemonrights.com\/es\/abogado-de-la-ley-del-limon-de-los-angeles\/","title":{"rendered":"Abogados de la Ley Lim\u00f3n de Los \u00c1ngeles"},"content":{"rendered":"<p>Lidiar con un lim\u00f3n puede ser una experiencia frustrante que puede dejarte sin el transporte que necesitas. Tambi\u00e9n puede llevarlo a discutir con fabricantes o distribuidores que se niegan a cumplir con sus garant\u00edas y obligaciones legales. Cuando eso sucede, debe tomar medidas inmediatas para proteger sus derechos como consumidor.<\/p>\n<p>En <strong>The Barry Law Firm<\/strong>, nuestros abogados se centran exclusivamente en ayudar a los consumidores de California a recuperar su dinero despu\u00e9s de comprar o arrendar veh\u00edculos defectuosos. Tenemos la reputaci\u00f3n de responsabilizar a los fabricantes de autom\u00f3viles con mucho dinero.<\/p>\n<p>Uno de los beneficios de trabajar con nosotros es que no le cobramos ni un centavo por manejar su caso de la ley lim\u00f3n. De hecho, nuestra firma nunca le enviar\u00e1 una factura por nuestros servicios legales ni cobrar\u00e1 un porcentaje de sus da\u00f1os. Seg\u00fan la ley de <a href=\"https:\/\/mylemonrights.com\/california-lemon-law\/\">California<\/a>, las tarifas y costos de un reclamo de la l<a href=\"https:\/\/mylemonrights.com\/california-lemon-law\/how-to-file-a-lemon-law-claim-in-ca\/\">ey lim\u00f3n los<\/a> paga <a href=\"https:\/\/mylemonrights.com\/manufacturers\/\">el fabricante<\/a> y no los consumidores como usted. Eso significa que puede obtener la ayuda profesional que necesita sin ning\u00fan riesgo financiero.<\/p>\n","protected":false},"excerpt":{"rendered":"<p>Lidiar con un lim\u00f3n puede ser una experiencia frustrante que puede dejarte sin el transporte que necesitas. Tambi\u00e9n puede llevarlo a discutir con fabricantes o distribuidores que se niegan a cumplir con sus garant\u00edas y obligaciones legales. Cuando eso sucede, debe tomar medidas inmediatas para proteger sus derechos como consumidor&#8230;.<\/p>\n","protected":false},"author":9,"featured_media":11942,"parent":0,"menu_order":16,"comment_status":"closed","ping_status":"closed","template":"location.php","meta":{"_acf_changed":false,"footnotes":""},"class_list":["post-12874","page","type-page","status-publish","has-post-thumbnail","hentry"],"acf":[],"yoast_head":"<!-- This site is optimized with the Yoast SEO plugin v26.8 - https:\/\/yoast.com\/product\/yoast-seo-wordpress\/ -->\n<title>Abogado de la Ley del Lim\u00f3n de Los \u00c1ngeles | El bufete de abogados Barry<\/title>\n<meta name=\"description\" content=\"Podemos ayudarte a recuperar dinero por tu veh\u00edculo defectuoso. Comun\u00edcate con nuestro abogado de la Ley Lim\u00f3n para una consutoria gratis.\" \/>\n<meta name=\"robots\" content=\"index, follow, max-snippet:-1, max-image-preview:large, max-video-preview:-1\" \/>\n<link rel=\"canonical\" href=\"https:\/\/mylemonrights.com\/es\/abogado-de-la-ley-del-limon-de-los-angeles\/\" \/>\n<meta property=\"og:locale\" content=\"es_ES\" \/>\n<meta property=\"og:type\" content=\"article\" \/>\n<meta property=\"og:title\" content=\"Abogado de la Ley del Lim\u00f3n de Los \u00c1ngeles | El bufete de abogados Barry\" \/>\n<meta property=\"og:description\" content=\"Podemos ayudarte a recuperar dinero por tu veh\u00edculo defectuoso. Comun\u00edcate con nuestro abogado de la Ley Lim\u00f3n para una consutoria gratis.\" \/>\n<meta property=\"og:url\" content=\"https:\/\/mylemonrights.com\/es\/abogado-de-la-ley-del-limon-de-los-angeles\/\" \/>\n<meta property=\"og:site_name\" content=\"The Barry Law Firm\" \/>\n<meta property=\"article:publisher\" content=\"https:\/\/www.facebook.com\/CaliLemonLaw\" \/>\n<meta property=\"article:modified_time\" content=\"2024-05-23T16:59:59+00:00\" \/>\n<meta property=\"og:image\" content=\"https:\/\/mylemonrights.com\/wp-content\/uploads\/2023\/08\/los-angeles-street-sign.jpg\" \/>\n\t<meta property=\"og:image:width\" content=\"800\" \/>\n\t<meta property=\"og:image:height\" content=\"600\" \/>\n\t<meta property=\"og:image:type\" content=\"image\/jpeg\" \/>\n<meta name=\"twitter:card\" content=\"summary_large_image\" \/>\n<meta name=\"twitter:site\" content=\"@CALemonLawyer\" \/>\n<meta name=\"twitter:label1\" content=\"Tiempo de lectura\" \/>\n\t<meta name=\"twitter:data1\" content=\"1 minuto\" \/>\n<!-- \/ Yoast SEO plugin. -->","yoast_head_json":{"title":"Abogado de la Ley del Lim\u00f3n de Los \u00c1ngeles | El bufete de abogados Barry","description":"Podemos ayudarte a recuperar dinero por tu veh\u00edculo defectuoso. Comun\u00edcate con nuestro abogado de la Ley Lim\u00f3n para una consutoria gratis.","robots":{"index":"index","follow":"follow","max-snippet":"max-snippet:-1","max-image-preview":"max-image-preview:large","max-video-preview":"max-video-preview:-1"},"canonical":"https:\/\/mylemonrights.com\/es\/abogado-de-la-ley-del-limon-de-los-angeles\/","og_locale":"es_ES","og_type":"article","og_title":"Abogado de la Ley del Lim\u00f3n de Los \u00c1ngeles | El bufete de abogados Barry","og_description":"Podemos ayudarte a recuperar dinero por tu veh\u00edculo defectuoso. Comun\u00edcate con nuestro abogado de la Ley Lim\u00f3n para una consutoria gratis.","og_url":"https:\/\/mylemonrights.com\/es\/abogado-de-la-ley-del-limon-de-los-angeles\/","og_site_name":"The Barry Law Firm","article_publisher":"https:\/\/www.facebook.com\/CaliLemonLaw","article_modified_time":"2024-05-23T16:59:59+00:00","og_image":[{"width":800,"height":600,"url":"https:\/\/mylemonrights.com\/wp-content\/uploads\/2023\/08\/los-angeles-street-sign.jpg","type":"image\/jpeg"}],"twitter_card":"summary_large_image","twitter_site":"@CALemonLawyer","twitter_misc":{"Tiempo de lectura":"1 minuto"},"schema":{"@context":"https:\/\/schema.org","@graph":[{"@type":"WebPage","@id":"https:\/\/mylemonrights.com\/es\/abogado-de-la-ley-del-limon-de-los-angeles\/","url":"https:\/\/mylemonrights.com\/es\/abogado-de-la-ley-del-limon-de-los-angeles\/","name":"Abogado de la Ley del Lim\u00f3n de Los \u00c1ngeles | El bufete de abogados Barry","isPartOf":{"@id":"https:\/\/mylemonrights.com\/#website"},"primaryImageOfPage":{"@id":"https:\/\/mylemonrights.com\/es\/abogado-de-la-ley-del-limon-de-los-angeles\/#primaryimage"},"image":{"@id":"https:\/\/mylemonrights.com\/es\/abogado-de-la-ley-del-limon-de-los-angeles\/#primaryimage"},"thumbnailUrl":"https:\/\/mylemonrights.com\/wp-content\/uploads\/2023\/08\/los-angeles-street-sign.jpg","datePublished":"2020-11-04T12:00:45+00:00","dateModified":"2024-05-23T16:59:59+00:00","description":"Podemos ayudarte a recuperar dinero por tu veh\u00edculo defectuoso. Comun\u00edcate con nuestro abogado de la Ley Lim\u00f3n para una consutoria gratis.","breadcrumb":{"@id":"https:\/\/mylemonrights.com\/es\/abogado-de-la-ley-del-limon-de-los-angeles\/#breadcrumb"},"inLanguage":"es","potentialAction":[{"@type":"ReadAction","target":["https:\/\/mylemonrights.com\/es\/abogado-de-la-ley-del-limon-de-los-angeles\/"]}]},{"@type":"ImageObject","inLanguage":"es","@id":"https:\/\/mylemonrights.com\/es\/abogado-de-la-ley-del-limon-de-los-angeles\/#primaryimage","url":"https:\/\/mylemonrights.com\/wp-content\/uploads\/2023\/08\/los-angeles-street-sign.jpg","contentUrl":"https:\/\/mylemonrights.com\/wp-content\/uploads\/2023\/08\/los-angeles-street-sign.jpg","width":800,"height":600},{"@type":"BreadcrumbList","@id":"https:\/\/mylemonrights.com\/es\/abogado-de-la-ley-del-limon-de-los-angeles\/#breadcrumb","itemListElement":[{"@type":"ListItem","position":1,"name":"Home","item":"https:\/\/mylemonrights.com\/es\/"},{"@type":"ListItem","position":2,"name":"Abogados de la Ley Lim\u00f3n de Los \u00c1ngeles"}]},{"@type":"WebSite","@id":"https:\/\/mylemonrights.com\/#website","url":"https:\/\/mylemonrights.com\/","name":"The Barry Law Firm","description":"","publisher":{"@id":"https:\/\/mylemonrights.com\/#organization"},"potentialAction":[{"@type":"SearchAction","target":{"@type":"EntryPoint","urlTemplate":"https:\/\/mylemonrights.com\/?s={search_term_string}"},"query-input":{"@type":"PropertyValueSpecification","valueRequired":true,"valueName":"search_term_string"}}],"inLanguage":"es"},{"@type":"Organization","@id":"https:\/\/mylemonrights.com\/#organization","name":"The Barry Law Firm","url":"https:\/\/mylemonrights.com\/","logo":{"@type":"ImageObject","inLanguage":"es","@id":"https:\/\/mylemonrights.com\/#\/schema\/logo\/image\/","url":"https:\/\/mylemonrights.com\/wp-content\/uploads\/2023\/07\/The-barry-law-firm-logo.png","contentUrl":"https:\/\/mylemonrights.com\/wp-content\/uploads\/2023\/07\/The-barry-law-firm-logo.png","width":335,"height":108,"caption":"The Barry Law Firm"},"image":{"@id":"https:\/\/mylemonrights.com\/#\/schema\/logo\/image\/"},"sameAs":["https:\/\/www.facebook.com\/CaliLemonLaw","https:\/\/x.com\/CALemonLawyer","https:\/\/www.youtube.com\/channel\/UCV8YayVTH4HAuLop0i11jNA","https:\/\/www.linkedin.com\/company\/the-barry-law-firm\/","https:\/\/www.instagram.com\/thebarrylawfirm\/"]}]}},"_links":{"self":[{"href":"https:\/\/mylemonrights.com\/es\/wp-json\/wp\/v2\/pages\/12874","targetHints":{"allow":["GET"]}}],"collection":[{"href":"https:\/\/mylemonrights.com\/es\/wp-json\/wp\/v2\/pages"}],"about":[{"href":"https:\/\/mylemonrights.com\/es\/wp-json\/wp\/v2\/types\/page"}],"author":[{"embeddable":true,"href":"https:\/\/mylemonrights.com\/es\/wp-json\/wp\/v2\/users\/9"}],"replies":[{"embeddable":true,"href":"https:\/\/mylemonrights.com\/es\/wp-json\/wp\/v2\/comments?post=12874"}],"version-history":[{"count":4,"href":"https:\/\/mylemonrights.com\/es\/wp-json\/wp\/v2\/pages\/12874\/revisions"}],"predecessor-version":[{"id":13342,"href":"https:\/\/mylemonrights.com\/es\/wp-json\/wp\/v2\/pages\/12874\/revisions\/13342"}],"wp:featuredmedia":[{"embeddable":true,"href":"https:\/\/mylemonrights.com\/es\/wp-json\/wp\/v2\/media\/11942"}],"wp:attachment":[{"href":"https:\/\/mylemonrights.com\/es\/wp-json\/wp\/v2\/media?parent=12874"}],"curies":[{"name":"wp","href":"https:\/\/api.w.org\/{rel}","templated":true}]}}