{"id":12600,"date":"2020-11-04T12:05:14","date_gmt":"2020-11-04T12:05:14","guid":{"rendered":"https:\/\/mylemonrights.com\/?page_id=12600"},"modified":"2024-05-21T13:25:08","modified_gmt":"2024-05-21T13:25:08","slug":"en-espanol","status":"publish","type":"page","link":"https:\/\/mylemonrights.com\/es\/","title":{"rendered":"Abogados de la Ley Lim\u00f3n en California"},"content":{"rendered":"<h2>Ayudamos a toda <strong>personas en California.<\/strong><\/h2>\n<p>The Barry Law Firm ha representado con \u00e9xito a consumidores en todo el estado de California, desde el norte de Sacramento hasta San Diego. Hacemos que sea f\u00e1cil y conveniente que nuestros clientes resuelvan su reclamo, generalmente sin la necesidad de venir a nuestras oficinas (aunque siempre ser\u00e1 m\u00e1s que bienvenido). Todo lo que necesita es tener acceso a una m\u00e1quina de fax o correo electr\u00f3nico para que sus documentos puedan ser revisados.<\/p>\n<p>El comprador o arrendatario de un veh\u00edculo tiene numerosos derechos bajo las leyes federales y de California. Si ha tenido problemas con su veh\u00edculo, debe llamarnos ahora para analizar sus derechos bajo la Ley Lim\u00f3n de California. La <a href=\"https:\/\/mylemonrights.com\/es\/abogado-de-la-ley-del-limon-de-los-angeles\/\">Ley Lim\u00f3n<\/a> puede ser compleja, y debes asegurarse de que sus derechos est\u00e9n protegidos hablando con uno de nuestros abogados de la Ley Lim\u00f3n de California.<\/p>\n<p class=\"custom-p-style\">Usted no paga los costos del abogado \u00a1Nunca!<\/p>\n<p>Adem\u00e1s, nosotros no tomamos porcentaje de su dinero. \u00a1Todas las tarifas y costos son cubiertos directamente por el fabricante o distribuidor y nunca salen de su compensaci\u00f3n \u00a1JAM\u00c1S!<\/p>\n<h2>\u00bfQu\u00e9 precio tiene un lim\u00f3n segun la ley de California?<\/h2>\n<p>De acuerdo con la \u00abLey de Lim\u00f3n\u00bb en California, aquellos fallos que afecten de manera significativa el uso, valor o seguridad de un veh\u00edculo, deben ser corregidos en una \u00abcantidad razonable de intentos\u00bb. Si el fabricante no logra resolverlo los fallos, tiene la obligaci\u00f3n de proponer una \u00abopci\u00f3n de recompra bajo la Ley de Lim\u00f3n\u00bb. Esto puede traducirse en un reembolso total del costo del veh\u00edculo (con algunas deducciones espec\u00edficas previstas por la ley) o en la sustituci\u00f3n del veh\u00edculo por otro de caracter\u00edsticas muy similares.<\/p>\n","protected":false},"excerpt":{"rendered":"<p>Ayudamos a toda personas en California. The Barry Law Firm ha representado con \u00e9xito a consumidores en todo el estado de California, desde el norte de Sacramento hasta San Diego. Hacemos que sea f\u00e1cil y conveniente que nuestros clientes resuelvan su reclamo, generalmente sin la necesidad de venir a nuestras&#8230;<\/p>\n","protected":false},"author":13,"featured_media":0,"parent":0,"menu_order":4,"comment_status":"closed","ping_status":"closed","template":"","meta":{"_acf_changed":false,"footnotes":""},"class_list":["post-12600","page","type-page","status-publish","hentry"],"acf":[],"yoast_head":"<!-- This site is optimized with the Yoast SEO plugin v26.8 - https:\/\/yoast.com\/product\/yoast-seo-wordpress\/ -->\n<title>Abogado de la Ley del Lim\u00f3n en California - The Barry Law Firm<\/title>\n<meta name=\"robots\" content=\"index, follow, max-snippet:-1, max-image-preview:large, max-video-preview:-1\" \/>\n<link rel=\"canonical\" href=\"https:\/\/mylemonrights.com\/es\/\" \/>\n<meta property=\"og:locale\" content=\"es_ES\" \/>\n<meta property=\"og:type\" content=\"article\" \/>\n<meta property=\"og:title\" content=\"Abogado de la Ley del Lim\u00f3n en California - The Barry Law Firm\" \/>\n<meta property=\"og:description\" content=\"Ayudamos a toda personas en California. The Barry Law Firm ha representado con \u00e9xito a consumidores en todo el estado de California, desde el norte de Sacramento hasta San Diego. Hacemos que sea f\u00e1cil y conveniente que nuestros clientes resuelvan su reclamo, generalmente sin la necesidad de venir a nuestras...\" \/>\n<meta property=\"og:url\" content=\"https:\/\/mylemonrights.com\/es\/\" \/>\n<meta property=\"og:site_name\" content=\"The Barry Law Firm\" \/>\n<meta property=\"article:publisher\" content=\"https:\/\/www.facebook.com\/CaliLemonLaw\" \/>\n<meta property=\"article:modified_time\" content=\"2024-05-21T13:25:08+00:00\" \/>\n<meta property=\"og:image\" content=\"https:\/\/mylemonrights.com\/wp-content\/uploads\/2023\/07\/The-barry-law-firm-logo.png\" \/>\n\t<meta property=\"og:image:width\" content=\"335\" \/>\n\t<meta property=\"og:image:height\" content=\"108\" \/>\n\t<meta property=\"og:image:type\" content=\"image\/png\" \/>\n<meta name=\"twitter:card\" content=\"summary_large_image\" \/>\n<meta name=\"twitter:site\" content=\"@CALemonLawyer\" \/>\n<meta name=\"twitter:label1\" content=\"Tiempo de lectura\" \/>\n\t<meta name=\"twitter:data1\" content=\"2 minutos\" \/>\n<!-- \/ Yoast SEO plugin. -->","yoast_head_json":{"title":"Abogado de la Ley del Lim\u00f3n en California - The Barry Law Firm","robots":{"index":"index","follow":"follow","max-snippet":"max-snippet:-1","max-image-preview":"max-image-preview:large","max-video-preview":"max-video-preview:-1"},"canonical":"https:\/\/mylemonrights.com\/es\/","og_locale":"es_ES","og_type":"article","og_title":"Abogado de la Ley del Lim\u00f3n en California - The Barry Law Firm","og_description":"Ayudamos a toda personas en California. The Barry Law Firm ha representado con \u00e9xito a consumidores en todo el estado de California, desde el norte de Sacramento hasta San Diego. Hacemos que sea f\u00e1cil y conveniente que nuestros clientes resuelvan su reclamo, generalmente sin la necesidad de venir a nuestras...","og_url":"https:\/\/mylemonrights.com\/es\/","og_site_name":"The Barry Law Firm","article_publisher":"https:\/\/www.facebook.com\/CaliLemonLaw","article_modified_time":"2024-05-21T13:25:08+00:00","og_image":[{"width":335,"height":108,"url":"https:\/\/mylemonrights.com\/wp-content\/uploads\/2023\/07\/The-barry-law-firm-logo.png","type":"image\/png"}],"twitter_card":"summary_large_image","twitter_site":"@CALemonLawyer","twitter_misc":{"Tiempo de lectura":"2 minutos"},"schema":{"@context":"https:\/\/schema.org","@graph":[{"@type":"WebPage","@id":"https:\/\/mylemonrights.com\/es\/","url":"https:\/\/mylemonrights.com\/es\/","name":"Abogado de la Ley del Lim\u00f3n en California - The Barry Law Firm","isPartOf":{"@id":"https:\/\/mylemonrights.com\/#website"},"datePublished":"2020-11-04T12:05:14+00:00","dateModified":"2024-05-21T13:25:08+00:00","breadcrumb":{"@id":"https:\/\/mylemonrights.com\/es\/#breadcrumb"},"inLanguage":"es","potentialAction":[{"@type":"ReadAction","target":["https:\/\/mylemonrights.com\/es\/"]}]},{"@type":"BreadcrumbList","@id":"https:\/\/mylemonrights.com\/es\/#breadcrumb","itemListElement":[{"@type":"ListItem","position":1,"name":"Home","item":"https:\/\/mylemonrights.com\/es\/"},{"@type":"ListItem","position":2,"name":"Abogados de la Ley Lim\u00f3n en California"}]},{"@type":"WebSite","@id":"https:\/\/mylemonrights.com\/#website","url":"https:\/\/mylemonrights.com\/","name":"The Barry Law Firm","description":"","publisher":{"@id":"https:\/\/mylemonrights.com\/#organization"},"potentialAction":[{"@type":"SearchAction","target":{"@type":"EntryPoint","urlTemplate":"https:\/\/mylemonrights.com\/?s={search_term_string}"},"query-input":{"@type":"PropertyValueSpecification","valueRequired":true,"valueName":"search_term_string"}}],"inLanguage":"es"},{"@type":"Organization","@id":"https:\/\/mylemonrights.com\/#organization","name":"The Barry Law Firm","url":"https:\/\/mylemonrights.com\/","logo":{"@type":"ImageObject","inLanguage":"es","@id":"https:\/\/mylemonrights.com\/#\/schema\/logo\/image\/","url":"https:\/\/mylemonrights.com\/wp-content\/uploads\/2023\/07\/The-barry-law-firm-logo.png","contentUrl":"https:\/\/mylemonrights.com\/wp-content\/uploads\/2023\/07\/The-barry-law-firm-logo.png","width":335,"height":108,"caption":"The Barry Law Firm"},"image":{"@id":"https:\/\/mylemonrights.com\/#\/schema\/logo\/image\/"},"sameAs":["https:\/\/www.facebook.com\/CaliLemonLaw","https:\/\/x.com\/CALemonLawyer","https:\/\/www.youtube.com\/channel\/UCV8YayVTH4HAuLop0i11jNA","https:\/\/www.linkedin.com\/company\/the-barry-law-firm\/","https:\/\/www.instagram.com\/thebarrylawfirm\/"]}]}},"_links":{"self":[{"href":"https:\/\/mylemonrights.com\/es\/wp-json\/wp\/v2\/pages\/12600","targetHints":{"allow":["GET"]}}],"collection":[{"href":"https:\/\/mylemonrights.com\/es\/wp-json\/wp\/v2\/pages"}],"about":[{"href":"https:\/\/mylemonrights.com\/es\/wp-json\/wp\/v2\/types\/page"}],"author":[{"embeddable":true,"href":"https:\/\/mylemonrights.com\/es\/wp-json\/wp\/v2\/users\/13"}],"replies":[{"embeddable":true,"href":"https:\/\/mylemonrights.com\/es\/wp-json\/wp\/v2\/comments?post=12600"}],"version-history":[{"count":12,"href":"https:\/\/mylemonrights.com\/es\/wp-json\/wp\/v2\/pages\/12600\/revisions"}],"predecessor-version":[{"id":13771,"href":"https:\/\/mylemonrights.com\/es\/wp-json\/wp\/v2\/pages\/12600\/revisions\/13771"}],"wp:attachment":[{"href":"https:\/\/mylemonrights.com\/es\/wp-json\/wp\/v2\/media?parent=12600"}],"curies":[{"name":"wp","href":"https:\/\/api.w.org\/{rel}","templated":true}]}}